{"id":1549,"date":"2021-02-04T09:47:23","date_gmt":"2021-02-04T07:47:23","guid":{"rendered":"https:\/\/graphen.pl\/?page_id=1549"},"modified":"2021-06-16T14:40:43","modified_gmt":"2021-06-16T12:40:43","slug":"magazyny-energii","status":"publish","type":"page","link":"https:\/\/graphen.pl\/de\/magazyny-energii\/","title":{"rendered":"Magazyny energii"},"content":{"rendered":"<div class=\"wpb-content-wrapper\"><p>[vc_row][vc_column][vc_row_inner][vc_column_inner css=&#8220;.vc_custom_1584974703992{margin-top: 5px !important;margin-right: 5px !important;margin-bottom: 5px !important;margin-left: 5px !important;padding-top: 5px !important;padding-right: 5px !important;padding-bottom: 5px !important;padding-left: 5px !important;background-color: #eaeaea !important;}&#8220;][vc_icon icon_fontawesome=&#8220;fas fa-battery-full&#8220; color=&#8220;black&#8220; align=&#8220;center&#8220; css_animation=&#8220;fadeIn&#8220;][vc_column_text]<\/p>\n<h3 style=\"text-align: center;\"><span style=\"color: #f33a21;\"><b>MAGAZYNY ENERGII<\/b>\u00a0<\/span><\/h3>\n<p>[\/vc_column_text][vc_empty_space height=&#8220;15px&#8220;][\/vc_column_inner][vc_column_inner width=&#8220;1\/2&#8243;][vc_empty_space height=&#8220;30px&#8220;][vc_column_text css=&#8220;.vc_custom_1623830973314{margin-right: 25px !important;margin-left: 25px !important;}&#8220;]Przechowanie nadwy\u017cek energii elektrycznej, wyprodukowanej przez nasz\u0105 instalacj\u0119 fotowoltaiczn\u0105, mo\u017cliwe jest w specjalnych akumulatorach nazywanych potocznie <b>M<\/b><b>agazynami <\/b><b>E<\/b><b>nergii<\/b>. Patrz\u0105c przez pryzmat zmian na rynku fotowoltaicznym i energetycznym, takie magazynowanie energii mo\u017ce by\u0107 dla nas konieczne ze wzgl\u0119d\u00f3w ekonomicznych.<\/p>\n<p>Magazyny te s\u0105 znakomitym rozwi\u0105zaniem w przypadku, kiedy to budynek nie ma du\u017cego zu\u017cycia energii w ci\u0105gu dnia, a kiedy produkcja pr\u0105du z instalacji fotowoltaicznej jest najwi\u0119ksza.<\/p>\n<p><span style=\"color: #000000;\">Zatem energia kt\u00f3rej nie wykorzystamy, jest w ca\u0142o\u015bci oddawana do sieci celem przechowania na zasadach Prosumenta. Wst\u0119pnie wiadomo, \u017ce system przechowywania energii w sieci energetycznej ma by\u0107 stopniowo wygaszany.<\/span><\/p>\n<p>Zatem domowe magazyny energii idealnie sprawdz\u0105 si\u0119 w sytuacji, kiedy zu\u017cycie pr\u0105du wzrasta popo\u0142udniami, kiedy to odbieramy zgromadzon\u0105 energi\u0119 z sieci, lecz pomniejszon\u0105 o 20 lub 30 %.<\/p>\n<p>W ten spos\u00f3b budynek mo\u017ce osi\u0105gn\u0105\u0107 nawet do 90% samowystarczalno\u015bci energetycznej. Dzi\u0119ki zwi\u0119kszeniu auto-konsumpcji i \u0142adowaniu domowego magazynu energii, zyskujemy wyprodukowany pr\u0105d, kt\u00f3ry wcze\u015bniej przepada\u0142 na korzy\u015b\u0107 Zak\u0142adu Energetycznego.<\/p>\n<p>Jest to szczeg\u00f3lnie istotne w przypadku wi\u0119kszych instalacji o mocy powy\u017cej 10 kWp, gdzie jedna kilowatogodzina oddana do sieci na przechowanie, pomniejszona jest przy odbiorze o 30%, czyli 0,7 kWh.<\/p>\n<p>Dodatkowo stosuj\u0105c magazyny energii zmieszamy koszt zwi\u0105zany z op\u0142at\u0105 mocow\u0105, kt\u00f3ra skutecznie powi\u0119ksza rachunki za energi\u0119 elektryczn\u0105.<\/p>\n<p>Magazyny energii instalowa\u0107 mo\u017cna zar\u00f3wno przy ju\u017c wykonanych ju\u017c instalacjach fotowoltaicznych jaki i nowo-projektowanych wykorzystuj\u0105cych tzw. falownik hybrydowy, kt\u00f3ry posiada funkcj\u0119 \u0142adowania i zarz\u0105dzania energi\u0105 z akumulatora.<\/p>\n<p>W naszych instalacjach wykorzystujemy magazyny energii czo\u0142owych producent\u00f3w tj. Pylontech, LG Chem, BYD i SolarEdge.<\/p>\n<p>Przysz\u0142o\u015b\u0107 przyniesie wiele zmian w prawie energetycznym, oraz w zarz\u0105dzaniu energi\u0105 ze \u017ar\u00f3de\u0142 odnawialnych. <span style=\"color: #000000;\">Wiadomo ju\u017c, \u017ce <\/span><span style=\"color: #000000;\">przepisy te<\/span><span style=\"color: #000000;\"> zmodyfikowan<\/span><span style=\"color: #000000;\">e<\/span><span style=\"color: #000000;\"> zostan\u0105 <\/span><span style=\"color: #000000;\">pod k\u0105tem <\/span><span style=\"color: #000000;\">rozwi\u0105za\u0144<\/span> <span style=\"color: #000000;\">k\u0142ad\u0105c<\/span><span style=\"color: #000000;\">y<\/span><span style=\"color: #000000;\">ch<\/span><span style=\"color: #000000;\"> nacisk na zwi\u0119kszenie auto-konsumpcji <\/span><span style=\"color: #000000;\">wyprodukowanej energii.<\/span><\/p>\n<p>&nbsp;<\/p>\n<p>B\u0119d\u0105 to rozwi\u0105zania typu :<\/p>\n<ul>\n<li><b>\u0141adowarki samochod\u00f3w elektrycznych<\/b>\u0141adowanie tych pojazd\u00f3w w dzie\u0144 znacz\u0105co zwi\u0119ksza auto-konsumpcj\u0119<\/li>\n<li><b>Systemy do zarz\u0105dzania energi\u0105 w domu<\/b><span style=\"color: #000000;\">Za\u0142\u0105czanie urz\u0105dze\u0144 domowych w momencie du\u017cej produkcji energii <\/span><\/li>\n<li><b>Rozwi\u0105zania z zakresu magazynowania ciep\u0142a lub ch\u0142odu <\/b>Bojlery elektryczne, podgrzewacze wody w basenie, znakomicie si\u0119 sprawdz\u0105 jako odbiornik nadmiarowej energii<\/li>\n<li><b>M<\/b><b>agazyny energii elektrycznej <\/b>Nowoczesne akumulatory zlokalizowane tu\u017c przy falownikach fotowoltaicznych, kt\u00f3re w inteligentny i elastyczny spos\u00f3b przyjmuj\u0105 i oddaj\u0105 energi\u0119.<\/li>\n<\/ul>\n<p>Przechowywanie energii w sieci przez kolejne lata pozostaje pod znakiem zapytania, ze wzgl\u0119du na coraz wi\u0119ksz\u0105 ilo\u015b\u0107 sygna\u0142\u00f3w, kt\u00f3re m\u00f3wi\u0105 o problemach z bilansowaniem energii w sieci energetycznej. Jest to spowodowane znacznym wzrostem liczby instalacji fotowoltaicznych i brakiem przystosowania do tego infrastruktury Zak\u0142ad\u00f3w Energetycznych.[\/vc_column_text][\/vc_column_inner][vc_column_inner width=&#8220;1\/2&#8243;][\/vc_column_inner][vc_column_inner][vc_separator][\/vc_column_inner][\/vc_row_inner][\/vc_column][\/vc_row][vc_section][vc_row][vc_column width=&#8220;1\/2&#8243;][\/vc_column][vc_column width=&#8220;1\/2&#8243;][\/vc_column][\/vc_row][vc_row][vc_column][vc_separator][\/vc_column][\/vc_row][\/vc_section][vc_section][vc_row][vc_column width=&#8220;1\/2&#8243;][vc_single_image image=&#8220;1621&#8243; img_size=&#8220;680&#215;380&#8243; alignment=&#8220;center&#8220; onclick=&#8220;custom_link&#8220; image_hovers=&#8220;false&#8220; link=&#8220;https:\/\/graphen.pl\/fotowoltaika-galeria\/&#8220;][\/vc_column][vc_column width=&#8220;1\/2&#8243;]<div class=\" ubtn-ctn-center \"><a class=\"ubtn-link ult-adjust-bottom-margin ubtn-center ubtn-normal \" href=\"https:\/\/graphen.pl\/fotowoltaika\/#napisz_wiadomosc\" ><button type=\"button\" id=\"ubtn-1155\"  class=\"ubtn ult-adjust-bottom-margin ult-responsive ubtn-normal ubtn-fade-bg  ulta-push  ubtn-sep-icon ubtn-sep-icon-bottom-push  ubtn-center   tooltip-69e74e938df86 ubtn-tooltip left\" data-toggle=\"tooltip\" data-placement=\"left\" title=\"\" data-hover=\"\" data-border-color=\"\" data-bg=\"#ffffff\" data-hover-bg=\"#ffffff\" data-border-hover=\"\" data-shadow-hover=\"\" data-shadow-click=\"none\" data-shadow=\"\" data-shd-shadow=\"\"  data-ultimate-target='#ubtn-1155'  data-responsive-json-new='{\"font-size\":\"desktop:24px;\",\"line-height\":\"\"}'  style=\"font-weight:bold;border:none;background: #ffffff;color: #f33a21;\"><span class=\"ubtn-data ubtn-icon\"><i class=\"Defaults-envelope-o\" style=\"font-size:50px;color:;\"><\/i><\/span><span class=\"ubtn-hover\" style=\"background-color:#ffffff\"><\/span><span class=\"ubtn-data ubtn-text \" >MASZ PYTANIA? NAPISZ DO NAS<\/span><\/button><\/a><\/div>[\/vc_column][\/vc_row][vc_row][vc_column width=&#8220;1\/2&#8243;][vc_btn title=&#8220;GALERIA REALIZACJI&#8220; color=&#8220;danger&#8220; align=&#8220;center&#8220; i_icon_fontawesome=&#8220;far fa-image&#8220; button_block=&#8220;true&#8220; add_icon=&#8220;true&#8220; link=&#8220;url:https%3A%2F%2Fgraphen.pl%2Ffotowoltaika-galeria%2F|||&#8220;][\/vc_column][vc_column width=&#8220;1\/2&#8243;][vc_column_text]<\/p>\n<h4 style=\"text-align: center;\"><strong><a href=\"https:\/\/graphen.pl\/fotowoltaika\/\"><span style=\"color: #f33a21;\">Powr\u00f3t do strony fotowoltaika.<\/span><\/a><\/strong><\/h4>\n<p>[\/vc_column_text][\/vc_column][\/vc_row][\/vc_section]<\/p>\n<\/div>","protected":false},"excerpt":{"rendered":"<p>[vc_row][vc_column][vc_row_inner][vc_column_inner css=&#8220;.vc_custom_1584974703992{margin-top: 5px !important;margin-right: 5px !important;margin-bottom: 5px !important;margin-left: 5px !important;padding-top: 5px !important;padding-right: 5px !important;padding-bottom: 5px !important;padding-left: 5px !important;background-color: #eaeaea !important;}&#8220;][vc_icon icon_fontawesome=&#8220;fas fa-battery-full&#8220; color=&#8220;black&#8220; align=&#8220;center&#8220; css_animation=&#8220;fadeIn&#8220;][vc_column_text] MAGAZYNY ENERGII\u00a0 [\/vc_column_text][vc_empty_space height=&#8220;15px&#8220;][\/vc_column_inner][vc_column_inner width=&#8220;1\/2&#8243;][vc_empty_space height=&#8220;30px&#8220;][vc_column_text css=&#8220;.vc_custom_1623830973314{margin-right: 25px !important;margin-left: 25px !important;}&#8220;]Przechowanie nadwy\u017cek energii elektrycznej, wyprodukowanej przez nasz\u0105 instalacj\u0119 fotowoltaiczn\u0105, mo\u017cliwe jest w specjalnych akumulatorach nazywanych potocznie Magazynami Energii. Patrz\u0105c przez&hellip;<\/p>\n","protected":false},"author":1,"featured_media":0,"parent":0,"menu_order":0,"comment_status":"closed","ping_status":"closed","template":"","meta":{"footnotes":""},"class_list":["post-1549","page","type-page","status-publish","hentry","description-off"],"_links":{"self":[{"href":"https:\/\/graphen.pl\/de\/wp-json\/wp\/v2\/pages\/1549","targetHints":{"allow":["GET"]}}],"collection":[{"href":"https:\/\/graphen.pl\/de\/wp-json\/wp\/v2\/pages"}],"about":[{"href":"https:\/\/graphen.pl\/de\/wp-json\/wp\/v2\/types\/page"}],"author":[{"embeddable":true,"href":"https:\/\/graphen.pl\/de\/wp-json\/wp\/v2\/users\/1"}],"replies":[{"embeddable":true,"href":"https:\/\/graphen.pl\/de\/wp-json\/wp\/v2\/comments?post=1549"}],"version-history":[{"count":18,"href":"https:\/\/graphen.pl\/de\/wp-json\/wp\/v2\/pages\/1549\/revisions"}],"predecessor-version":[{"id":1640,"href":"https:\/\/graphen.pl\/de\/wp-json\/wp\/v2\/pages\/1549\/revisions\/1640"}],"wp:attachment":[{"href":"https:\/\/graphen.pl\/de\/wp-json\/wp\/v2\/media?parent=1549"}],"curies":[{"name":"wp","href":"https:\/\/api.w.org\/{rel}","templated":true}]}}