{"id":1510,"date":"2020-12-17T14:13:16","date_gmt":"2020-12-17T12:13:16","guid":{"rendered":"https:\/\/graphen.pl\/?page_id=1510"},"modified":"2020-12-17T14:53:10","modified_gmt":"2020-12-17T12:53:10","slug":"konstrukcje-montazowe","status":"publish","type":"page","link":"https:\/\/graphen.pl\/de\/konstrukcje-montazowe\/","title":{"rendered":"Konstrukcje monta\u017cowe"},"content":{"rendered":"<div class=\"wpb-content-wrapper\"><p>[vc_row][vc_column][vc_row_inner][vc_column_inner css=&#8220;.vc_custom_1584974703992{margin-top: 5px !important;margin-right: 5px !important;margin-bottom: 5px !important;margin-left: 5px !important;padding-top: 5px !important;padding-right: 5px !important;padding-bottom: 5px !important;padding-left: 5px !important;background-color: #eaeaea !important;}&#8220;][vc_icon icon_fontawesome=&#8220;fas fa-tools&#8220; color=&#8220;black&#8220; align=&#8220;center&#8220; css_animation=&#8220;fadeIn&#8220;][vc_column_text]<\/p>\n<h3 style=\"text-align: center;\"><span style=\"color: #f33a21;\">Konstrukcje do monta\u017cu paneli fotowoltaicznych<\/span><\/h3>\n<p>[\/vc_column_text][vc_empty_space height=&#8220;15px&#8220;][\/vc_column_inner][vc_column_inner width=&#8220;1\/2&#8243;][vc_empty_space height=&#8220;30px&#8220;][vc_column_text css=&#8220;.vc_custom_1608209176409{margin-right: 25px !important;margin-left: 25px !important;}&#8220;]Nasza firma bazuje na sprawdzonych i certyfikowanych konstrukcjach monta\u017cowych. Tylko na takich konstrukcjach budujemy instalacje fotowoltaiczne, zar\u00f3wno te mniejsze, jak i te wi\u0119ksze.<br \/>\nKorzystamy g\u0142\u00f3wnie z konstrukcji polskich producent\u00f3w, kt\u00f3re ciesz\u0105 si\u0119 du\u017cym zainteresowaniem klient\u00f3w w kraju i za granic\u0105 ze wzgl\u0119du na znakomity stosunek jako\u015bci do ceny.<\/p>\n<p>Wykorzystujemy nowoczesne rozwi\u0105zania technologiczne, dzi\u0119ki kt\u00f3rym mo\u017cliwe jest instalowanie system\u00f3w na r\u00f3\u017cnych powierzchniach dach\u00f3w oraz rodzajach grunt\u00f3w.<\/p>\n<p>Stosowane przez nas konstrukcje fotowoltaiczne s\u0105 ca\u0142kowicie bezpieczne i spe\u0142niaj\u0105 rygorystyczne europejskie normy, co potwierdzaj\u0105 certyfikaty, kt\u00f3re otrzymuje ka\u017cdy nasz klient tu\u017c po zako\u0144czeniu monta\u017cu oraz liczne badania prowadzone przez producenta.[\/vc_column_text][\/vc_column_inner][vc_column_inner width=&#8220;1\/2&#8243;][vc_empty_space height=&#8220;30px&#8220;][vc_column_text css=&#8220;.vc_custom_1608209168821{margin-right: 25px !important;margin-left: 25px !important;}&#8220;]G\u0142\u00f3wnym dostawc\u0105 system\u00f3w monta\u017cowych jest firma Corab, kt\u00f3ra podczas projektowania element\u00f3w konstrukcyjnych dla instalacji fotowoltaicznych, bazuje na szeregu analiz i bada\u0144, w tym bada\u0144 tunelowych opartych na wsp\u00f3\u0142pracy z Instytutem Lotnictwa i specjalistami z Politechniki Warszawskiej.<\/p>\n<p>Wszystkie komponenty wykonane s\u0105 jedynie z najlepszych materia\u0142\u00f3w na specjalnie dostosowanych liniach produkcyjnych.[\/vc_column_text][\/vc_column_inner][vc_column_inner][vc_separator][\/vc_column_inner][\/vc_row_inner][\/vc_column][\/vc_row][vc_section][vc_row][vc_column][vc_single_image image=&#8220;1514&#8243; img_size=&#8220;medium&#8220; alignment=&#8220;center&#8220;]<style type=\"text\/css\" data-type=\"the7_shortcodes-inline-css\">.gallery-shortcode.gallery-masonry-shortcode-id-db67dea9c80cde6b5810b9ca9966319e figure,\n.gallery-shortcode.gallery-masonry-shortcode-id-db67dea9c80cde6b5810b9ca9966319e .rollover,\n.gallery-shortcode.gallery-masonry-shortcode-id-db67dea9c80cde6b5810b9ca9966319e img,\n.gallery-shortcode.gallery-masonry-shortcode-id-db67dea9c80cde6b5810b9ca9966319e .gallery-rollover {\n  border-radius: 0px;\n}\n.gallery-shortcode.gallery-masonry-shortcode-id-db67dea9c80cde6b5810b9ca9966319e.enable-bg-rollover .gallery-rollover {\n  background: -webkit-linear-gradient();\n  background: linear-gradient();\n}\n.gallery-shortcode.gallery-masonry-shortcode-id-db67dea9c80cde6b5810b9ca9966319e.enable-bg-rollover.hover-scale figure .rollover:after {\n  background: -webkit-linear-gradient();\n  background: linear-gradient();\n}\n.gallery-shortcode.gallery-masonry-shortcode-id-db67dea9c80cde6b5810b9ca9966319e .gallery-zoom-ico {\n  width: 44px;\n  height: 44px;\n  line-height: 44px;\n  border-radius: 100px;\n  margin: -22px 0 0 -22px;\n  border-width: 0px;\n  color: #ffffff;\n}\n.dt-icon-bg-on.gallery-shortcode.gallery-masonry-shortcode-id-db67dea9c80cde6b5810b9ca9966319e .gallery-zoom-ico {\n  background: rgba(255,255,255,0.3);\n  box-shadow: none;\n}\n.gallery-shortcode.gallery-masonry-shortcode-id-db67dea9c80cde6b5810b9ca9966319e .gallery-zoom-ico:before,\n.gallery-shortcode.gallery-masonry-shortcode-id-db67dea9c80cde6b5810b9ca9966319e .gallery-zoom-ico span {\n  font-size: 32px;\n  line-height: 44px;\n  color: #ffffff;\n}\n.gallery-shortcode.gallery-masonry-shortcode-id-db67dea9c80cde6b5810b9ca9966319e:not(.resize-by-browser-width) .dt-css-grid {\n  grid-row-gap: 10px;\n  grid-column-gap: 10px;\n  grid-template-columns: repeat(auto-fill,minmax(,1fr));\n}\n.gallery-shortcode.gallery-masonry-shortcode-id-db67dea9c80cde6b5810b9ca9966319e:not(.resize-by-browser-width) .dt-css-grid .double-width {\n  grid-column: span 2;\n}\n.cssgridlegacy.no-cssgrid .gallery-shortcode.gallery-masonry-shortcode-id-db67dea9c80cde6b5810b9ca9966319e:not(.resize-by-browser-width) .dt-css-grid,\n.no-cssgridlegacy.no-cssgrid .gallery-shortcode.gallery-masonry-shortcode-id-db67dea9c80cde6b5810b9ca9966319e:not(.resize-by-browser-width) .dt-css-grid {\n  display: flex;\n  flex-flow: row wrap;\n  margin: -5px;\n}\n.cssgridlegacy.no-cssgrid .gallery-shortcode.gallery-masonry-shortcode-id-db67dea9c80cde6b5810b9ca9966319e:not(.resize-by-browser-width) .dt-css-grid .wf-cell,\n.no-cssgridlegacy.no-cssgrid .gallery-shortcode.gallery-masonry-shortcode-id-db67dea9c80cde6b5810b9ca9966319e:not(.resize-by-browser-width) .dt-css-grid .wf-cell {\n  flex: 1 0 ;\n  max-width: 100%;\n  padding: 5px;\n  box-sizing: border-box;\n}\n.gallery-shortcode.gallery-masonry-shortcode-id-db67dea9c80cde6b5810b9ca9966319e.resize-by-browser-width .dt-css-grid {\n  grid-template-columns: repeat(3,1fr);\n  grid-template-rows: auto;\n  grid-column-gap: 10px;\n  grid-row-gap: 10px;\n}\n.gallery-shortcode.gallery-masonry-shortcode-id-db67dea9c80cde6b5810b9ca9966319e.resize-by-browser-width .dt-css-grid .double-width {\n  grid-column: span 2;\n}\n.cssgridlegacy.no-cssgrid .gallery-shortcode.gallery-masonry-shortcode-id-db67dea9c80cde6b5810b9ca9966319e.resize-by-browser-width .dt-css-grid {\n  margin: -5px;\n}\n.cssgridlegacy.no-cssgrid .gallery-shortcode.gallery-masonry-shortcode-id-db67dea9c80cde6b5810b9ca9966319e.resize-by-browser-width .dt-css-grid .wf-cell {\n  width: 33.333333333333%;\n  padding: 5px;\n}\n.cssgridlegacy.no-cssgrid .gallery-shortcode.gallery-masonry-shortcode-id-db67dea9c80cde6b5810b9ca9966319e.resize-by-browser-width .dt-css-grid .wf-cell.double-width {\n  width: calc(33.333333333333%) * 2;\n}\n.gallery-shortcode.gallery-masonry-shortcode-id-db67dea9c80cde6b5810b9ca9966319e.resize-by-browser-width:not(.centered-layout-list):not(.content-bg-on) .dt-css-grid {\n  grid-row-gap: 10px - ;\n}\n@media screen and (max-width: 1199px) {\n  .gallery-shortcode.gallery-masonry-shortcode-id-db67dea9c80cde6b5810b9ca9966319e.resize-by-browser-width .dt-css-grid {\n    grid-template-columns: repeat(3,1fr);\n  }\n  .cssgridlegacy.no-cssgrid .gallery-shortcode.gallery-masonry-shortcode-id-db67dea9c80cde6b5810b9ca9966319e.resize-by-browser-width .dt-css-grid .wf-cell,\n  .no-cssgridlegacy.no-cssgrid .gallery-shortcode.gallery-masonry-shortcode-id-db67dea9c80cde6b5810b9ca9966319e.resize-by-browser-width .dt-css-grid .wf-cell {\n    width: 33.333333333333%;\n  }\n  .cssgridlegacy.no-cssgrid .gallery-shortcode.gallery-masonry-shortcode-id-db67dea9c80cde6b5810b9ca9966319e.resize-by-browser-width .dt-css-grid .wf-cell.double-width,\n  .no-cssgridlegacy.no-cssgrid .gallery-shortcode.gallery-masonry-shortcode-id-db67dea9c80cde6b5810b9ca9966319e.resize-by-browser-width .dt-css-grid .wf-cell.double-width {\n    width: calc(33.333333333333%)*2;\n  }\n}\n@media screen and (max-width: 991px) {\n  .gallery-shortcode.gallery-masonry-shortcode-id-db67dea9c80cde6b5810b9ca9966319e.resize-by-browser-width .dt-css-grid {\n    grid-template-columns: repeat(3,1fr);\n  }\n  .cssgridlegacy.no-cssgrid .gallery-shortcode.gallery-masonry-shortcode-id-db67dea9c80cde6b5810b9ca9966319e.resize-by-browser-width .dt-css-grid .wf-cell,\n  .no-cssgridlegacy.no-cssgrid .gallery-shortcode.gallery-masonry-shortcode-id-db67dea9c80cde6b5810b9ca9966319e.resize-by-browser-width .dt-css-grid .wf-cell {\n    width: 33.333333333333%;\n  }\n  .cssgridlegacy.no-cssgrid .gallery-shortcode.gallery-masonry-shortcode-id-db67dea9c80cde6b5810b9ca9966319e.resize-by-browser-width .dt-css-grid .wf-cell.double-width,\n  .no-cssgridlegacy.no-cssgrid .gallery-shortcode.gallery-masonry-shortcode-id-db67dea9c80cde6b5810b9ca9966319e.resize-by-browser-width .dt-css-grid .wf-cell.double-width {\n    width: calc(33.333333333333%)*2;\n  }\n}\n@media screen and (max-width: 767px) {\n  .gallery-shortcode.gallery-masonry-shortcode-id-db67dea9c80cde6b5810b9ca9966319e.resize-by-browser-width .dt-css-grid {\n    grid-template-columns: repeat(3,1fr);\n  }\n  .cssgridlegacy.no-cssgrid .gallery-shortcode.gallery-masonry-shortcode-id-db67dea9c80cde6b5810b9ca9966319e.resize-by-browser-width .dt-css-grid .wf-cell,\n  .no-cssgridlegacy.no-cssgrid .gallery-shortcode.gallery-masonry-shortcode-id-db67dea9c80cde6b5810b9ca9966319e.resize-by-browser-width .dt-css-grid .wf-cell {\n    width: 33.333333333333%;\n  }\n  .cssgridlegacy.no-cssgrid .gallery-shortcode.gallery-masonry-shortcode-id-db67dea9c80cde6b5810b9ca9966319e.resize-by-browser-width .dt-css-grid .wf-cell.double-width,\n  .no-cssgridlegacy.no-cssgrid .gallery-shortcode.gallery-masonry-shortcode-id-db67dea9c80cde6b5810b9ca9966319e.resize-by-browser-width .dt-css-grid .wf-cell.double-width {\n    width: calc(33.333333333333%)*2;\n  }\n}\n<\/style><div class=\"gallery-shortcode dt-gallery-container gallery-masonry-shortcode-id-db67dea9c80cde6b5810b9ca9966319e mode-masonry jquery-filter dt-icon-bg-off quick-scale-img enable-bg-rollover resize-by-browser-width  vc_custom_1608209204241 hover-fade loading-effect-none description-on-hover\" data-padding=\"5px\" data-cur-page=\"1\" data-post-limit=\"-1\" data-pagination-mode=\"none\" data-desktop-columns-num=\"3\" data-v-tablet-columns-num=\"3\" data-h-tablet-columns-num=\"3\" data-phone-columns-num=\"3\" data-width=\"0px\" data-columns=\"0\"><div class=\"iso-container\" ><div class=\"wf-cell iso-item\" data-post-id=\"1517\" data-date=\"2020-12-17T14:30:36+02:00\" data-name=\"hak monta\u017cowy ze stali nierdzewnej\"><figure class=\"post visible\"><a href=\"https:\/\/graphen.pl\/wp-content\/uploads\/2020\/12\/d-057-zbizenie.jpg\" class=\"rollover dt-pswp-item layzr-bg\" data-large_image_width=\"960\" data-large_image_height=\"685\" data-dt-img-description=\"\" title=\"hak monta\u017cowy ze stali nierdzewnej\"><img fetchpriority=\"high\" decoding=\"async\" class=\"preload-me iso-lazy-load aspect\" src=\"data:image\/svg+xml,%3Csvg%20xmlns%3D&#39;http%3A%2F%2Fwww.w3.org%2F2000%2Fsvg&#39;%20viewBox%3D&#39;0%200%20323%20323&#39;%2F%3E\" data-src=\"https:\/\/graphen.pl\/wp-content\/uploads\/2020\/12\/d-057-zbizenie-323x323.jpg\" data-srcset=\"https:\/\/graphen.pl\/wp-content\/uploads\/2020\/12\/d-057-zbizenie-323x323.jpg 323w, https:\/\/graphen.pl\/wp-content\/uploads\/2020\/12\/d-057-zbizenie-485x485.jpg 485w\" loading=\"eager\" style=\"--ratio: 323 \/ 323\" sizes=\"(max-width: 323px) 100vw, 323px\" alt=\"\" width=\"323\" height=\"323\"  \/><span class=\"gallery-rollover\"><span class=\"gallery-zoom-ico icomoon-the7-font-the7-zoom-06\"><span><\/span><\/span><\/span><\/a><\/figure><\/div><div class=\"wf-cell iso-item\" data-post-id=\"1519\" data-date=\"2020-12-17T14:30:38+02:00\" data-name=\"Corab - mocowanie\"><figure class=\"post visible\"><a href=\"https:\/\/graphen.pl\/wp-content\/uploads\/2020\/12\/Corab-mocowanie.jpg\" class=\"rollover dt-pswp-item layzr-bg\" data-large_image_width=\"685\" data-large_image_height=\"685\" data-dt-img-description=\"\" title=\"Corab &#8211; mocowanie\"><img decoding=\"async\" class=\"preload-me iso-lazy-load aspect\" src=\"data:image\/svg+xml,%3Csvg%20xmlns%3D&#39;http%3A%2F%2Fwww.w3.org%2F2000%2Fsvg&#39;%20viewBox%3D&#39;0%200%20323%20323&#39;%2F%3E\" data-src=\"https:\/\/graphen.pl\/wp-content\/uploads\/2020\/12\/Corab-mocowanie-323x323.jpg\" data-srcset=\"https:\/\/graphen.pl\/wp-content\/uploads\/2020\/12\/Corab-mocowanie-323x323.jpg 323w, https:\/\/graphen.pl\/wp-content\/uploads\/2020\/12\/Corab-mocowanie-485x485.jpg 485w\" loading=\"eager\" style=\"--ratio: 323 \/ 323\" sizes=\"(max-width: 323px) 100vw, 323px\" alt=\"Konstrukcja monta\u017cowa PV\" width=\"323\" height=\"323\"  \/><span class=\"gallery-rollover\"><span class=\"gallery-zoom-ico icomoon-the7-font-the7-zoom-06\"><span><\/span><\/span><\/span><\/a><\/figure><\/div><div class=\"wf-cell iso-item\" data-post-id=\"1518\" data-date=\"2020-12-17T14:30:37+02:00\" data-name=\"Corab - mocowanie 2\"><figure class=\"post visible\"><a href=\"https:\/\/graphen.pl\/wp-content\/uploads\/2020\/12\/Corab-mocowanie-2.jpg\" class=\"rollover dt-pswp-item layzr-bg\" data-large_image_width=\"657\" data-large_image_height=\"369\" data-dt-img-description=\"\" title=\"Corab &#8211; mocowanie 2\"><img decoding=\"async\" class=\"preload-me iso-lazy-load aspect\" src=\"data:image\/svg+xml,%3Csvg%20xmlns%3D&#39;http%3A%2F%2Fwww.w3.org%2F2000%2Fsvg&#39;%20viewBox%3D&#39;0%200%20323%20323&#39;%2F%3E\" data-src=\"https:\/\/graphen.pl\/wp-content\/uploads\/2020\/12\/Corab-mocowanie-2-323x323.jpg\" data-srcset=\"https:\/\/graphen.pl\/wp-content\/uploads\/2020\/12\/Corab-mocowanie-2-323x323.jpg 323w, https:\/\/graphen.pl\/wp-content\/uploads\/2020\/12\/Corab-mocowanie-2-369x369.jpg 369w\" loading=\"eager\" style=\"--ratio: 323 \/ 323\" sizes=\"(max-width: 323px) 100vw, 323px\" alt=\"\" width=\"323\" height=\"323\"  \/><span class=\"gallery-rollover\"><span class=\"gallery-zoom-ico icomoon-the7-font-the7-zoom-06\"><span><\/span><\/span><\/span><\/a><\/figure><\/div><\/div><!-- iso-container|iso-grid --><\/div>[\/vc_column][\/vc_row][vc_row][vc_column][vc_separator][\/vc_column][\/vc_row][\/vc_section][vc_section][vc_row][vc_column width=&#8220;1\/2&#8243;][vc_single_image image=&#8220;1367&#8243; img_size=&#8220;380&#215;380&#8243; alignment=&#8220;center&#8220; onclick=&#8220;custom_link&#8220; image_hovers=&#8220;false&#8220; link=&#8220;https:\/\/graphen.pl\/fotowoltaika-galeria\/&#8220;][\/vc_column][vc_column width=&#8220;1\/2&#8243;]<div class=\" ubtn-ctn-center \"><a class=\"ubtn-link ult-adjust-bottom-margin ubtn-center ubtn-normal \" href=\"https:\/\/graphen.pl\/fotowoltaika\/#napisz_wiadomosc\" ><button type=\"button\" id=\"ubtn-2758\"  class=\"ubtn ult-adjust-bottom-margin ult-responsive ubtn-normal ubtn-fade-bg  ulta-push  ubtn-sep-icon ubtn-sep-icon-bottom-push  ubtn-center   tooltip-69f09f28b2e9c ubtn-tooltip left\" data-toggle=\"tooltip\" data-placement=\"left\" title=\"\" data-hover=\"\" data-border-color=\"\" data-bg=\"#ffffff\" data-hover-bg=\"#ffffff\" data-border-hover=\"\" data-shadow-hover=\"\" data-shadow-click=\"none\" data-shadow=\"\" data-shd-shadow=\"\"  data-ultimate-target='#ubtn-2758'  data-responsive-json-new='{\"font-size\":\"desktop:24px;\",\"line-height\":\"\"}'  style=\"font-weight:bold;border:none;background: #ffffff;color: #f33a21;\"><span class=\"ubtn-data ubtn-icon\"><i class=\"Defaults-envelope-o\" style=\"font-size:50px;color:;\"><\/i><\/span><span class=\"ubtn-hover\" style=\"background-color:#ffffff\"><\/span><span class=\"ubtn-data ubtn-text \" >MASZ PYTANIA? NAPISZ DO NAS<\/span><\/button><\/a><\/div>[\/vc_column][\/vc_row][vc_row][vc_column width=&#8220;1\/2&#8243;][vc_btn title=&#8220;GALERIA REALIZACJI&#8220; color=&#8220;danger&#8220; align=&#8220;center&#8220; i_icon_fontawesome=&#8220;far fa-image&#8220; button_block=&#8220;true&#8220; add_icon=&#8220;true&#8220; link=&#8220;url:https%3A%2F%2Fgraphen.pl%2Ffotowoltaika-galeria%2F|||&#8220;][\/vc_column][vc_column width=&#8220;1\/2&#8243;][vc_column_text]<\/p>\n<h4 style=\"text-align: center;\"><strong><a href=\"https:\/\/graphen.pl\/fotowoltaika\/\"><span style=\"color: #f33a21;\">Powr\u00f3t do strony fotowoltaika.<\/span><\/a><\/strong><\/h4>\n<p>[\/vc_column_text][\/vc_column][\/vc_row][\/vc_section]<\/p>\n<\/div>","protected":false},"excerpt":{"rendered":"<p>[vc_row][vc_column][vc_row_inner][vc_column_inner css=&#8220;.vc_custom_1584974703992{margin-top: 5px !important;margin-right: 5px !important;margin-bottom: 5px !important;margin-left: 5px !important;padding-top: 5px !important;padding-right: 5px !important;padding-bottom: 5px !important;padding-left: 5px !important;background-color: #eaeaea !important;}&#8220;][vc_icon icon_fontawesome=&#8220;fas fa-tools&#8220; color=&#8220;black&#8220; align=&#8220;center&#8220; css_animation=&#8220;fadeIn&#8220;][vc_column_text] Konstrukcje do monta\u017cu paneli fotowoltaicznych [\/vc_column_text][vc_empty_space height=&#8220;15px&#8220;][\/vc_column_inner][vc_column_inner width=&#8220;1\/2&#8243;][vc_empty_space height=&#8220;30px&#8220;][vc_column_text css=&#8220;.vc_custom_1608209176409{margin-right: 25px !important;margin-left: 25px !important;}&#8220;]Nasza firma bazuje na sprawdzonych i certyfikowanych konstrukcjach monta\u017cowych. Tylko na takich konstrukcjach budujemy instalacje fotowoltaiczne, zar\u00f3wno&hellip;<\/p>\n","protected":false},"author":1,"featured_media":0,"parent":0,"menu_order":0,"comment_status":"closed","ping_status":"closed","template":"","meta":{"footnotes":""},"class_list":["post-1510","page","type-page","status-publish","hentry","description-off"],"_links":{"self":[{"href":"https:\/\/graphen.pl\/de\/wp-json\/wp\/v2\/pages\/1510","targetHints":{"allow":["GET"]}}],"collection":[{"href":"https:\/\/graphen.pl\/de\/wp-json\/wp\/v2\/pages"}],"about":[{"href":"https:\/\/graphen.pl\/de\/wp-json\/wp\/v2\/types\/page"}],"author":[{"embeddable":true,"href":"https:\/\/graphen.pl\/de\/wp-json\/wp\/v2\/users\/1"}],"replies":[{"embeddable":true,"href":"https:\/\/graphen.pl\/de\/wp-json\/wp\/v2\/comments?post=1510"}],"version-history":[{"count":16,"href":"https:\/\/graphen.pl\/de\/wp-json\/wp\/v2\/pages\/1510\/revisions"}],"predecessor-version":[{"id":1533,"href":"https:\/\/graphen.pl\/de\/wp-json\/wp\/v2\/pages\/1510\/revisions\/1533"}],"wp:attachment":[{"href":"https:\/\/graphen.pl\/de\/wp-json\/wp\/v2\/media?parent=1510"}],"curies":[{"name":"wp","href":"https:\/\/api.w.org\/{rel}","templated":true}]}}