{"id":1277,"date":"2020-03-23T16:13:39","date_gmt":"2020-03-23T14:13:39","guid":{"rendered":"https:\/\/graphen.pl\/?page_id=1277"},"modified":"2020-12-17T14:52:54","modified_gmt":"2020-12-17T12:52:54","slug":"falowniki","status":"publish","type":"page","link":"https:\/\/graphen.pl\/de\/falowniki\/","title":{"rendered":"Falowniki fotowoltaiczne"},"content":{"rendered":"<div class=\"wpb-content-wrapper\"><p>[vc_row][vc_column][vc_row_inner][vc_column_inner css=&#8220;.vc_custom_1584974703992{margin-top: 5px !important;margin-right: 5px !important;margin-bottom: 5px !important;margin-left: 5px !important;padding-top: 5px !important;padding-right: 5px !important;padding-bottom: 5px !important;padding-left: 5px !important;background-color: #eaeaea !important;}&#8220;][vc_icon icon_fontawesome=&#8220;fas fa-wave-square&#8220; color=&#8220;black&#8220; align=&#8220;center&#8220; css_animation=&#8220;fadeIn&#8220;][vc_column_text]<\/p>\n<h3 style=\"text-align: center;\"><span style=\"color: #f33a21;\">Korzystamy tylko ze sprawdzonych dostawc\u00f3w falownik\u00f3w fotowoltaicznych.<\/span><\/h3>\n<p>[\/vc_column_text][vc_empty_space height=&#8220;15px&#8220;][\/vc_column_inner][vc_column_inner width=&#8220;1\/2&#8243;][vc_empty_space height=&#8220;30px&#8220;][vc_single_image image=&#8220;1284&#8243; img_size=&#8220;medium&#8220; alignment=&#8220;center&#8220;][vc_column_text css=&#8220;.vc_custom_1585040727226{margin-right: 25px !important;margin-left: 25px !important;}&#8220;]Firma zosta\u0142a za\u0142o\u017cona w 2006 roku i posiada biura w Stanach Zjednoczonych, Niemczech, we W\u0142oszech, Japonii i Izraelu.<br \/>\nSolarEdge jest znany z tworzenia<strong> inteligentnych rozwi\u0105za\u0144 dla falownik\u00f3w<\/strong>, kt\u00f3re zrewolucjonizowa\u0142y spos\u00f3b zbierania energii i zarz\u0105dzania ni\u0105 w elektrowniach s\u0142onecznych. Zoptymalizowany<strong> system SolarEdge maksymalizuje produkcj\u0119 energii<\/strong> na poziomie poszczeg\u00f3lnych modu\u0142\u00f3w fotowoltaicznych, przy jednoczesnym obni\u017ceniu koszt\u00f3w wytwarzania energii.<\/p>\n<p><strong>Opr\u00f3cz falownika w sk\u0142ad systemu fotowoltaicznego wchodz\u0105 tak\u017ce optymalizatory mocy<\/strong>, kt\u00f3re s\u0105 ma\u0142ymi urz\u0105dzeniami mocowanymi albo na panelu PV lub s\u0105 ju\u017c bezpo\u015brednio wbudowane zamiast klasycznego boksu przy\u0142\u0105czeniowego. Ponadto, <strong>optymalizatory monitoruj\u0105 wydajno\u015b\u0107 ka\u017cdego modu\u0142u<\/strong> i przekazuje dane o wydajno\u015bci do portalu monitoruj\u0105cego SolarEdge. Ka\u017cdy optymizer mocy jest wyposa\u017cony w unikaln\u0105 funkcj\u0119 SafeDC&#x2122;, kt\u00f3ra wy\u0142\u0105czy automatycznie napi\u0119cie DC modu\u0142\u00f3w, gdy inwerter lub zasilania sieci jest wy\u0142\u0105czone.[\/vc_column_text][\/vc_column_inner][vc_column_inner width=&#8220;1\/2&#8243;][vc_empty_space height=&#8220;70px&#8220;]<div class=\"standard-arrow list-divider bullet-top\"><h3>Zalety Solar Edge:<\/h3>\n<ul>\n<li>Do 25% wi\u0119cej energii z ka\u017cdego modu\u0142u<\/li>\n<li>Znakomita sprawno\u015b\u0107 (99,5%)<\/li>\n<li>Unikatowe rozwi\u0105zanie, kt\u00f3re zapobiega problemowi niedopasowania modu\u0142\u00f3w lub cz\u0119\u015bciowego zacienienia<\/li>\n<li>Maksymalne wykorzystanie powierzchni, dzi\u0119ki elastycznemu systemowi projektowania instalacji<\/li>\n<li>Redukcja napi\u0119cia ka\u017cdego modu\u0142u ? przy monta\u017cu lub w przypadku prac konserwatorskich<\/li>\n<li>Wyj\u0105tkowo proste zarz\u0105dzanie instalacj\u0105 dzi\u0119ki monitoringowi ka\u017cdego modu\u0142u oddzielnie<\/li>\n<li>Standardowa Gwarancja na falowniki SolarEdge to <strong>12 lat<\/strong>, za\u015b na optymalizatory to<strong> 25 lat <\/strong><\/li>\n<li>Mo\u017cliwo\u015b\u0107 wyd\u0142u\u017cenia gwarancji do 20 lub 25 lat<\/li>\n<\/ul>\n<\/div>[\/vc_column_inner][\/vc_row_inner][\/vc_column][\/vc_row][vc_row][vc_column width=&#8220;1\/4&#8243;][\/vc_column][vc_column width=&#8220;1\/2&#8243;][vc_video link=&#8220;https:\/\/youtu.be\/XrXLFVcpPnI&#8220; align=&#8220;center&#8220;][\/vc_column][vc_column width=&#8220;1\/4&#8243;][\/vc_column][\/vc_row][vc_section][vc_row][vc_column][vc_separator][\/vc_column][\/vc_row][vc_row][vc_column width=&#8220;1\/2&#8243;][vc_single_image image=&#8220;1285&#8243; img_size=&#8220;medium&#8220; alignment=&#8220;center&#8220;][vc_column_text css=&#8220;.vc_custom_1584985797291{margin-right: 25px !important;margin-left: 25px !important;}&#8220;]Austriacka firma Fronius jest jednym z najwi\u0119kszych i najpopularniejszych producent\u00f3w falownik\u00f3w fotowoltaicznych na \u015bwiecie. W swojej ofercie ma bogat\u0105 gam\u0119 urz\u0105dze\u0144 o zr\u00f3\u017cnicowanej mocy, kt\u00f3re zaspokoj\u0105 oczekiwania najbardziej wymagaj\u0105cych klient\u00f3w. Fronius jest firm\u0105, kt\u00f3ra d\u0105\u017cy do tego aby jej produkty by\u0142y zar\u00f3wno jak najbardziej zaawansowane technologicznie, jak i przyst\u0119pne oraz przyjazne dla instalator\u00f3w i dla u\u017cytkownik\u00f3w.<br \/>\n<strong>Niezawodne rozwi\u0105zanie!<\/strong><br \/>\nFalowniki firmy Fronius s\u0105 wydajne, niezawodne i stanowi\u0105 nieodzowne serce ka\u017cdej instalacji fotowoltaicznej. Klasy mocy od 1,5 do 27,0 kW umo\u017cliwiaj\u0105 ich zastosowanie w instalacji niemal ka\u017cdej wielko\u015bci, od domu jednorodzinnego a\u017c po instalacje wielkopowierzchniowe.[\/vc_column_text][\/vc_column][vc_column width=&#8220;1\/2&#8243;][vc_empty_space height=&#8220;70px&#8220;]<div class=\"standard-arrow list-divider bullet-top\"><h3>Zalety Fronius :<\/h3>\n<ul>\n<li>Wysokiej jako\u015bci falownik z 7 letni\u0105 gwarancj\u0105<\/li>\n<li>Dost\u0119p do Internetu przez WiFI czy Ethernet w standardzie<\/li>\n<li>Ochrona przepi\u0119ciowa typ II po stronie DC w standardzie<\/li>\n<li>Wysoka sprawno\u015b\u0107 do 98%<\/li>\n<li>Stopie\u0144 ochrony IP 65 pozwala na monta\u017c falownika na zewn\u0105trz<\/li>\n<li>Regulowana wentylacja<\/li>\n<\/ul>\n<\/div>[vc_separator][\/vc_column][\/vc_row][vc_row][vc_column][vc_separator][\/vc_column][\/vc_row][\/vc_section][vc_section][vc_row][vc_column width=&#8220;1\/2&#8243;][vc_single_image image=&#8220;1300&#8243; img_size=&#8220;medium&#8220; alignment=&#8220;center&#8220;][vc_column_text css=&#8220;.vc_custom_1584985956553{margin-right: 25px !important;margin-left: 25px !important;}&#8220;]<span style=\"font-weight: 400;\">Dzi\u0119ki g\u0119stej sieci plac\u00f3wek na czterech kontynentach KACO new energy<\/span><b> jest dzi\u015b jednym z najwi\u0119kszych na \u015bwiecie producent\u00f3w falownik\u00f3w fotowoltaicznych.<\/b><span style=\"font-weight: 400;\"> Siedziba g\u0142\u00f3wna znajduje si\u0119 ko\u0142o Stuttgartu, w regionie znanym jako twierdza niemieckiej sztuki in\u017cynierskiej. <\/span><b>W roku 2014 grupa KACO obchodzi\u0142a 100-lecie istnienia.<\/b><\/p>\n<p><span style=\"font-weight: 400;\">Dzi\u0119ki liniom blueplanet i Powador, firma KACO oferuje <\/span><b>pe\u0142ny wachlarz falownik\u00f3w fotowoltaicznych pod\u0142\u0105czanych do sieci dla ka\u017cdego rodzaju instalacji fotowoltaicznych ? od domu jednorodzinnego po park megawatowy.<\/b><span style=\"font-weight: 400;\"> Do portfolio nale\u017c\u0105 r\u00f3wnie\u017c falowniki wyspowe, s\u0142u\u017c\u0105ce do zaopatrywania w energi\u0119 elektryczn\u0105 region\u00f3w po\u0142o\u017conych daleko od sieci.<\/span><\/p>\n<p><span style=\"font-weight: 400;\">Rozwi\u0105zania w zakresie magazynowania i zu\u017cycia energii solarnej s\u0105 predestynowane do u\u0142atwienia integracji energii odnawialnej z sieci\u0105.<\/span><b> Inteligentne systemy zarz\u0105dzania energi\u0105, umo\u017cliwiaj\u0105 natomiast kombinacj\u0119 r\u00f3\u017cnych \u017ar\u00f3de\u0142 energii,<\/b><span style=\"font-weight: 400;\"> w szczeg\u00f3lno\u015bci w systemach hybrydowych z wykorzystaniem fotowoltaiki i generator\u00f3w diesela. Portfolio uzupe\u0142nia obszerny zestaw akcesori\u00f3w monitorowania i zarz\u0105dzania sieci\u0105.<\/span>[\/vc_column_text][\/vc_column][vc_column width=&#8220;1\/2&#8243;][vc_empty_space height=&#8220;70px&#8220;]<div class=\"standard-arrow list-divider bullet-top\"><h3>Zalety KACO:<\/h3>\n<ul>\n<li>Wysokiej jako\u015bci falownik z 5 letni\u0105 gwarancj\u0105<\/li>\n<li>Mo\u017cliwo\u015b\u0107 wyposa\u017cenia w dost\u0119p do Internetu<\/li>\n<li>Bardzo prosta obs\u0142uga i odczyt danych z du\u017cego wy\u015bwietlacza<\/li>\n<li>Niemiecka jako\u015b\u0107 konstrukcji i wykonania<\/li>\n<li>Cz\u0119sto wykorzystywany przez profesjonalist\u00f3w<\/li>\n<li>Dynamiczna kompensacja mocy biernej<\/li>\n<\/ul>\n<\/div>[vc_separator][\/vc_column][\/vc_row][vc_row][vc_column][vc_separator][\/vc_column][\/vc_row][\/vc_section][vc_section][vc_row][vc_column width=&#8220;1\/2&#8243;][vc_single_image image=&#8220;1367&#8243; img_size=&#8220;380&#215;380&#8243; alignment=&#8220;center&#8220; onclick=&#8220;custom_link&#8220; image_hovers=&#8220;false&#8220; link=&#8220;https:\/\/graphen.pl\/fotowoltaika-galeria\/&#8220;][\/vc_column][vc_column width=&#8220;1\/2&#8243;]<div class=\" ubtn-ctn-center \"><a class=\"ubtn-link ult-adjust-bottom-margin ubtn-center ubtn-normal \" href=\"https:\/\/graphen.pl\/fotowoltaika\/#napisz_wiadomosc\" ><button type=\"button\" id=\"ubtn-9524\"  class=\"ubtn ult-adjust-bottom-margin ult-responsive ubtn-normal ubtn-fade-bg  ulta-push  ubtn-sep-icon ubtn-sep-icon-bottom-push  ubtn-center   tooltip-69e88a8b2fe1d ubtn-tooltip left\" data-toggle=\"tooltip\" data-placement=\"left\" title=\"\" data-hover=\"\" data-border-color=\"\" data-bg=\"#ffffff\" data-hover-bg=\"#ffffff\" data-border-hover=\"\" data-shadow-hover=\"\" data-shadow-click=\"none\" data-shadow=\"\" data-shd-shadow=\"\"  data-ultimate-target='#ubtn-9524'  data-responsive-json-new='{\"font-size\":\"desktop:24px;\",\"line-height\":\"\"}'  style=\"font-weight:bold;border:none;background: #ffffff;color: #f33a21;\"><span class=\"ubtn-data ubtn-icon\"><i class=\"Defaults-envelope-o\" style=\"font-size:50px;color:;\"><\/i><\/span><span class=\"ubtn-hover\" style=\"background-color:#ffffff\"><\/span><span class=\"ubtn-data ubtn-text \" >MASZ PYTANIA? NAPISZ DO NAS<\/span><\/button><\/a><\/div>[\/vc_column][\/vc_row][vc_row][vc_column width=&#8220;1\/2&#8243;][vc_btn title=&#8220;GALERIA REALIZACJI&#8220; color=&#8220;danger&#8220; align=&#8220;center&#8220; i_icon_fontawesome=&#8220;far fa-image&#8220; button_block=&#8220;true&#8220; add_icon=&#8220;true&#8220; link=&#8220;url:https%3A%2F%2Fgraphen.pl%2Ffotowoltaika-galeria%2F|||&#8220;][\/vc_column][vc_column width=&#8220;1\/2&#8243;][vc_column_text]<\/p>\n<h4 style=\"text-align: center;\"><a href=\"https:\/\/graphen.pl\/fotowoltaika\/\"><strong><span style=\"color: #f33a21;\">Powr\u00f3t do strony fotowoltaika.<\/span><\/strong><\/a><\/h4>\n<p>[\/vc_column_text][\/vc_column][\/vc_row][\/vc_section]<\/p>\n<\/div>","protected":false},"excerpt":{"rendered":"<p>[vc_row][vc_column][vc_row_inner][vc_column_inner css=&#8220;.vc_custom_1584974703992{margin-top: 5px !important;margin-right: 5px !important;margin-bottom: 5px !important;margin-left: 5px !important;padding-top: 5px !important;padding-right: 5px !important;padding-bottom: 5px !important;padding-left: 5px !important;background-color: #eaeaea !important;}&#8220;][vc_icon icon_fontawesome=&#8220;fas fa-wave-square&#8220; color=&#8220;black&#8220; align=&#8220;center&#8220; css_animation=&#8220;fadeIn&#8220;][vc_column_text] Korzystamy tylko ze sprawdzonych dostawc\u00f3w falownik\u00f3w fotowoltaicznych. [\/vc_column_text][vc_empty_space height=&#8220;15px&#8220;][\/vc_column_inner][vc_column_inner width=&#8220;1\/2&#8243;][vc_empty_space height=&#8220;30px&#8220;][vc_single_image image=&#8220;1284&#8243; img_size=&#8220;medium&#8220; alignment=&#8220;center&#8220;][vc_column_text css=&#8220;.vc_custom_1585040727226{margin-right: 25px !important;margin-left: 25px !important;}&#8220;]Firma zosta\u0142a za\u0142o\u017cona w 2006 roku i posiada biura w Stanach Zjednoczonych,&hellip;<\/p>\n","protected":false},"author":1,"featured_media":0,"parent":0,"menu_order":0,"comment_status":"closed","ping_status":"closed","template":"","meta":{"footnotes":""},"class_list":["post-1277","page","type-page","status-publish","hentry","description-off"],"_links":{"self":[{"href":"https:\/\/graphen.pl\/de\/wp-json\/wp\/v2\/pages\/1277","targetHints":{"allow":["GET"]}}],"collection":[{"href":"https:\/\/graphen.pl\/de\/wp-json\/wp\/v2\/pages"}],"about":[{"href":"https:\/\/graphen.pl\/de\/wp-json\/wp\/v2\/types\/page"}],"author":[{"embeddable":true,"href":"https:\/\/graphen.pl\/de\/wp-json\/wp\/v2\/users\/1"}],"replies":[{"embeddable":true,"href":"https:\/\/graphen.pl\/de\/wp-json\/wp\/v2\/comments?post=1277"}],"version-history":[{"count":35,"href":"https:\/\/graphen.pl\/de\/wp-json\/wp\/v2\/pages\/1277\/revisions"}],"predecessor-version":[{"id":1532,"href":"https:\/\/graphen.pl\/de\/wp-json\/wp\/v2\/pages\/1277\/revisions\/1532"}],"wp:attachment":[{"href":"https:\/\/graphen.pl\/de\/wp-json\/wp\/v2\/media?parent=1277"}],"curies":[{"name":"wp","href":"https:\/\/api.w.org\/{rel}","templated":true}]}}